{"id":70,"date":"2025-03-27T11:00:34","date_gmt":"2025-03-27T14:00:34","guid":{"rendered":"https:\/\/dgn.adv.br\/?page_id=70"},"modified":"2026-02-12T11:54:32","modified_gmt":"2026-02-12T14:54:32","slug":"professionais","status":"publish","type":"page","link":"https:\/\/www.dgn.adv.br\/en\/professionais\/","title":{"rendered":"Professionals"},"content":{"rendered":"<p>Our highly qualified team offers strategic and personalized legal solutions, with a strong presence in corporate law, civil and consumer litigation, contracts, and labor law for legal entities. Constantly up-to-date, we strive to provide modern and efficient legal services focused on establishing long-term partnerships.<\/p>","protected":false},"excerpt":{"rendered":"<p>Our highly qualified team offers strategic and personalized legal solutions, with a strong presence [&hellip;]<\/p>\n","protected":false},"author":1,"featured_media":196,"parent":0,"menu_order":14,"comment_status":"closed","ping_status":"closed","template":"page-profissionais.php","meta":{"_acf_changed":false,"footnotes":""},"class_list":["post-70","page","type-page","status-publish","has-post-thumbnail","hentry"],"acf":[],"yoast_head":"<!-- This site is optimized with the Yoast SEO plugin v27.2 - https:\/\/yoast.com\/product\/yoast-seo-wordpress\/ -->\n<title>Solu\u00e7\u00f5es Jur\u00eddicas para Empresas | Donato &amp; Garcia Neto<\/title>\n<meta name=\"description\" content=\"Descubra como a Donato &amp; Garcia Neto Advogados oferece solu\u00e7\u00f5es jur\u00eddicas estrat\u00e9gicas e personalizadas para empresas.\" \/>\n<meta name=\"robots\" content=\"index, follow, max-snippet:-1, max-image-preview:large, max-video-preview:-1\" \/>\n<link rel=\"canonical\" href=\"https:\/\/www.dgn.adv.br\/en\/professionais\/\" \/>\n<meta property=\"og:locale\" content=\"en_US\" \/>\n<meta property=\"og:type\" content=\"article\" \/>\n<meta property=\"og:title\" content=\"Solu\u00e7\u00f5es Jur\u00eddicas para Empresas | Donato &amp; Garcia Neto\" \/>\n<meta property=\"og:description\" content=\"Descubra como a Donato &amp; Garcia Neto Advogados oferece solu\u00e7\u00f5es jur\u00eddicas estrat\u00e9gicas e personalizadas para empresas.\" \/>\n<meta property=\"og:url\" content=\"https:\/\/www.dgn.adv.br\/en\/professionais\/\" \/>\n<meta property=\"og:site_name\" content=\"DGN Advogados\" \/>\n<meta property=\"article:modified_time\" content=\"2026-02-12T14:54:32+00:00\" \/>\n<meta property=\"og:image\" content=\"https:\/\/www.dgn.adv.br\/wp-content\/uploads\/2025\/03\/businessman-city-background-scaled.jpg\" \/>\n\t<meta property=\"og:image:width\" content=\"2560\" \/>\n\t<meta property=\"og:image:height\" content=\"1707\" \/>\n\t<meta property=\"og:image:type\" content=\"image\/jpeg\" \/>\n<meta name=\"twitter:card\" content=\"summary_large_image\" \/>\n<meta name=\"twitter:label1\" content=\"Est. reading time\" \/>\n\t<meta name=\"twitter:data1\" content=\"1 minute\" \/>\n<script type=\"application\/ld+json\" class=\"yoast-schema-graph\">{\"@context\":\"https:\/\/schema.org\",\"@graph\":[{\"@type\":\"WebPage\",\"@id\":\"https:\/\/www.dgn.adv.br\/en\/professionais\/\",\"url\":\"https:\/\/www.dgn.adv.br\/en\/professionais\/\",\"name\":\"Solu\u00e7\u00f5es Jur\u00eddicas para Empresas | Donato & Garcia Neto\",\"isPartOf\":{\"@id\":\"https:\/\/www.dgn.adv.br\/en\/#website\"},\"primaryImageOfPage\":{\"@id\":\"https:\/\/www.dgn.adv.br\/en\/professionais\/#primaryimage\"},\"image\":{\"@id\":\"https:\/\/www.dgn.adv.br\/en\/professionais\/#primaryimage\"},\"thumbnailUrl\":\"https:\/\/www.dgn.adv.br\/wp-content\/uploads\/2025\/03\/businessman-city-background-scaled.jpg\",\"datePublished\":\"2025-03-27T14:00:34+00:00\",\"dateModified\":\"2026-02-12T14:54:32+00:00\",\"description\":\"Descubra como a Donato & Garcia Neto Advogados oferece solu\u00e7\u00f5es jur\u00eddicas estrat\u00e9gicas e personalizadas para empresas.\",\"breadcrumb\":{\"@id\":\"https:\/\/www.dgn.adv.br\/en\/professionais\/#breadcrumb\"},\"inLanguage\":\"en-US\",\"potentialAction\":[{\"@type\":\"ReadAction\",\"target\":[[\"https:\/\/www.dgn.adv.br\/en\/professionais\/\"]]}]},{\"@type\":\"ImageObject\",\"inLanguage\":\"en-US\",\"@id\":\"https:\/\/www.dgn.adv.br\/en\/professionais\/#primaryimage\",\"url\":\"https:\/\/www.dgn.adv.br\/wp-content\/uploads\/2025\/03\/businessman-city-background-scaled.jpg\",\"contentUrl\":\"https:\/\/www.dgn.adv.br\/wp-content\/uploads\/2025\/03\/businessman-city-background-scaled.jpg\",\"width\":2560,\"height\":1707,\"caption\":\"Businessman on city background\"},{\"@type\":\"BreadcrumbList\",\"@id\":\"https:\/\/www.dgn.adv.br\/en\/professionais\/#breadcrumb\",\"itemListElement\":[{\"@type\":\"ListItem\",\"position\":1,\"name\":\"In\u00edcio\",\"item\":\"https:\/\/www.dgn.adv.br\/en\/\"},{\"@type\":\"ListItem\",\"position\":2,\"name\":\"Professionals\"}]},{\"@type\":\"WebSite\",\"@id\":\"https:\/\/www.dgn.adv.br\/en\/#website\",\"url\":\"https:\/\/www.dgn.adv.br\/en\/\",\"name\":\"DGN Advogados\",\"description\":\"\",\"publisher\":{\"@id\":\"https:\/\/www.dgn.adv.br\/en\/#organization\"},\"alternateName\":\"DGN Advogados\",\"potentialAction\":[{\"@type\":\"SearchAction\",\"target\":{\"@type\":\"EntryPoint\",\"urlTemplate\":\"https:\/\/www.dgn.adv.br\/en\/?s={search_term_string}\"},\"query-input\":{\"@type\":\"PropertyValueSpecification\",\"valueRequired\":true,\"valueName\":\"search_term_string\"}}],\"inLanguage\":\"en-US\"},{\"@type\":\"Organization\",\"@id\":\"https:\/\/www.dgn.adv.br\/en\/#organization\",\"name\":\"DGN\",\"url\":\"https:\/\/www.dgn.adv.br\/en\/\",\"logo\":{\"@type\":\"ImageObject\",\"inLanguage\":\"en-US\",\"@id\":\"https:\/\/www.dgn.adv.br\/en\/#\/schema\/logo\/image\/\",\"url\":\"https:\/\/dgn.adv.br\/wp-content\/uploads\/2025\/03\/favicon.png\",\"contentUrl\":\"https:\/\/dgn.adv.br\/wp-content\/uploads\/2025\/03\/favicon.png\",\"width\":512,\"height\":512,\"caption\":\"DGN\"},\"image\":{\"@id\":\"https:\/\/www.dgn.adv.br\/en\/#\/schema\/logo\/image\/\"}}]}<\/script>\n<!-- \/ Yoast SEO plugin. -->","yoast_head_json":{"title":"Solu\u00e7\u00f5es Jur\u00eddicas para Empresas | Donato & Garcia Neto","description":"Descubra como a Donato & Garcia Neto Advogados oferece solu\u00e7\u00f5es jur\u00eddicas estrat\u00e9gicas e personalizadas para empresas.","robots":{"index":"index","follow":"follow","max-snippet":"max-snippet:-1","max-image-preview":"max-image-preview:large","max-video-preview":"max-video-preview:-1"},"canonical":"https:\/\/www.dgn.adv.br\/en\/professionais\/","og_locale":"en_US","og_type":"article","og_title":"Solu\u00e7\u00f5es Jur\u00eddicas para Empresas | Donato & Garcia Neto","og_description":"Descubra como a Donato & Garcia Neto Advogados oferece solu\u00e7\u00f5es jur\u00eddicas estrat\u00e9gicas e personalizadas para empresas.","og_url":"https:\/\/www.dgn.adv.br\/en\/professionais\/","og_site_name":"DGN Advogados","article_modified_time":"2026-02-12T14:54:32+00:00","og_image":[{"width":2560,"height":1707,"url":"https:\/\/www.dgn.adv.br\/wp-content\/uploads\/2025\/03\/businessman-city-background-scaled.jpg","type":"image\/jpeg"}],"twitter_card":"summary_large_image","twitter_misc":{"Est. reading time":"1 minute"},"schema":{"@context":"https:\/\/schema.org","@graph":[{"@type":"WebPage","@id":"https:\/\/www.dgn.adv.br\/en\/professionais\/","url":"https:\/\/www.dgn.adv.br\/en\/professionais\/","name":"Solu\u00e7\u00f5es Jur\u00eddicas para Empresas | Donato & Garcia Neto","isPartOf":{"@id":"https:\/\/www.dgn.adv.br\/en\/#website"},"primaryImageOfPage":{"@id":"https:\/\/www.dgn.adv.br\/en\/professionais\/#primaryimage"},"image":{"@id":"https:\/\/www.dgn.adv.br\/en\/professionais\/#primaryimage"},"thumbnailUrl":"https:\/\/www.dgn.adv.br\/wp-content\/uploads\/2025\/03\/businessman-city-background-scaled.jpg","datePublished":"2025-03-27T14:00:34+00:00","dateModified":"2026-02-12T14:54:32+00:00","description":"Descubra como a Donato & Garcia Neto Advogados oferece solu\u00e7\u00f5es jur\u00eddicas estrat\u00e9gicas e personalizadas para empresas.","breadcrumb":{"@id":"https:\/\/www.dgn.adv.br\/en\/professionais\/#breadcrumb"},"inLanguage":"en-US","potentialAction":[{"@type":"ReadAction","target":[["https:\/\/www.dgn.adv.br\/en\/professionais\/"]]}]},{"@type":"ImageObject","inLanguage":"en-US","@id":"https:\/\/www.dgn.adv.br\/en\/professionais\/#primaryimage","url":"https:\/\/www.dgn.adv.br\/wp-content\/uploads\/2025\/03\/businessman-city-background-scaled.jpg","contentUrl":"https:\/\/www.dgn.adv.br\/wp-content\/uploads\/2025\/03\/businessman-city-background-scaled.jpg","width":2560,"height":1707,"caption":"Businessman on city background"},{"@type":"BreadcrumbList","@id":"https:\/\/www.dgn.adv.br\/en\/professionais\/#breadcrumb","itemListElement":[{"@type":"ListItem","position":1,"name":"In\u00edcio","item":"https:\/\/www.dgn.adv.br\/en\/"},{"@type":"ListItem","position":2,"name":"Professionals"}]},{"@type":"WebSite","@id":"https:\/\/www.dgn.adv.br\/en\/#website","url":"https:\/\/www.dgn.adv.br\/en\/","name":"DGN Advogados","description":"","publisher":{"@id":"https:\/\/www.dgn.adv.br\/en\/#organization"},"alternateName":"DGN Advogados","potentialAction":[{"@type":"SearchAction","target":{"@type":"EntryPoint","urlTemplate":"https:\/\/www.dgn.adv.br\/en\/?s={search_term_string}"},"query-input":{"@type":"PropertyValueSpecification","valueRequired":true,"valueName":"search_term_string"}}],"inLanguage":"en-US"},{"@type":"Organization","@id":"https:\/\/www.dgn.adv.br\/en\/#organization","name":"DGN","url":"https:\/\/www.dgn.adv.br\/en\/","logo":{"@type":"ImageObject","inLanguage":"en-US","@id":"https:\/\/www.dgn.adv.br\/en\/#\/schema\/logo\/image\/","url":"https:\/\/dgn.adv.br\/wp-content\/uploads\/2025\/03\/favicon.png","contentUrl":"https:\/\/dgn.adv.br\/wp-content\/uploads\/2025\/03\/favicon.png","width":512,"height":512,"caption":"DGN"},"image":{"@id":"https:\/\/www.dgn.adv.br\/en\/#\/schema\/logo\/image\/"}}]}},"_links":{"self":[{"href":"https:\/\/www.dgn.adv.br\/en\/wp-json\/wp\/v2\/pages\/70","targetHints":{"allow":["GET"]}}],"collection":[{"href":"https:\/\/www.dgn.adv.br\/en\/wp-json\/wp\/v2\/pages"}],"about":[{"href":"https:\/\/www.dgn.adv.br\/en\/wp-json\/wp\/v2\/types\/page"}],"author":[{"embeddable":true,"href":"https:\/\/www.dgn.adv.br\/en\/wp-json\/wp\/v2\/users\/1"}],"replies":[{"embeddable":true,"href":"https:\/\/www.dgn.adv.br\/en\/wp-json\/wp\/v2\/comments?post=70"}],"version-history":[{"count":4,"href":"https:\/\/www.dgn.adv.br\/en\/wp-json\/wp\/v2\/pages\/70\/revisions"}],"predecessor-version":[{"id":399,"href":"https:\/\/www.dgn.adv.br\/en\/wp-json\/wp\/v2\/pages\/70\/revisions\/399"}],"wp:featuredmedia":[{"embeddable":true,"href":"https:\/\/www.dgn.adv.br\/en\/wp-json\/wp\/v2\/media\/196"}],"wp:attachment":[{"href":"https:\/\/www.dgn.adv.br\/en\/wp-json\/wp\/v2\/media?parent=70"}],"curies":[{"name":"wp","href":"https:\/\/api.w.org\/{rel}","templated":true}]}}