{"id":68,"date":"2025-03-27T11:00:28","date_gmt":"2025-03-27T14:00:28","guid":{"rendered":"https:\/\/dgn.adv.br\/?page_id=68"},"modified":"2026-02-12T11:43:25","modified_gmt":"2026-02-12T14:43:25","slug":"areas-de-atuacao","status":"publish","type":"page","link":"https:\/\/www.dgn.adv.br\/en\/areas-de-atuacao\/","title":{"rendered":"Practice Areas"},"content":{"rendered":"<p><\/p>\n<h2><strong>Our practice<\/strong><\/h2>\n<p>At Donato &amp; Garcia Neto, we use law as a strategic tool to boost business growth. We work with an exclusive focus on companies, offering support in the main areas of business law, such as civil litigation, consumer, contract and labor issues, always tailoring our solutions to the specific demands of the companies we represent.<\/p>\n<p>We go beyond merely providing legal services, we build partnerships by offering <strong>close, personalized service<\/strong>, aimed at creating <strong>effective legal solutions<\/strong> aligned with market challenges and the unique demands of each client.<\/p>\n<p>We actively participate in our clients\u2019 most strategic decisions, ensuring that their legal needs are addressed with <strong>efficiency and expeditiousness<\/strong>. Our strength lies in building <strong>long-term relationships<\/strong>, understanding each business\u2019 unique challenges, and delivering solutions that truly add value.<\/p>","protected":false},"excerpt":{"rendered":"<p>Our practice At Donato &amp; Garcia Neto, we use law as a strategic tool [&hellip;]<\/p>\n","protected":false},"author":1,"featured_media":195,"parent":0,"menu_order":8,"comment_status":"closed","ping_status":"closed","template":"page-areas.php","meta":{"_acf_changed":false,"footnotes":""},"class_list":["post-68","page","type-page","status-publish","has-post-thumbnail","hentry"],"acf":[],"yoast_head":"<!-- This site is optimized with the Yoast SEO plugin v27.2 - https:\/\/yoast.com\/product\/yoast-seo-wordpress\/ -->\n<title>\u00c1reas de Atua\u00e7\u00e3o | Donato &amp; Garcia Neto Advogados<\/title>\n<meta name=\"description\" content=\"Utilizamos o direito como ferramenta estrat\u00e9gica para impulsionar o crescimento empresarial. Atuamos com foco exclusivo em empresas, oferecendo suporte nas principais \u00e1reas do direito empresarial.\" \/>\n<meta name=\"robots\" content=\"index, follow, max-snippet:-1, max-image-preview:large, max-video-preview:-1\" \/>\n<link rel=\"canonical\" href=\"https:\/\/www.dgn.adv.br\/en\/areas-de-atuacao\/\" \/>\n<meta property=\"og:locale\" content=\"en_US\" \/>\n<meta property=\"og:type\" content=\"article\" \/>\n<meta property=\"og:title\" content=\"\u00c1reas de Atua\u00e7\u00e3o | Donato &amp; Garcia Neto Advogados\" \/>\n<meta property=\"og:description\" content=\"Utilizamos o direito como ferramenta estrat\u00e9gica para impulsionar o crescimento empresarial. Atuamos com foco exclusivo em empresas, oferecendo suporte nas principais \u00e1reas do direito empresarial.\" \/>\n<meta property=\"og:url\" content=\"https:\/\/www.dgn.adv.br\/en\/areas-de-atuacao\/\" \/>\n<meta property=\"og:site_name\" content=\"DGN Advogados\" \/>\n<meta property=\"article:modified_time\" content=\"2026-02-12T14:43:25+00:00\" \/>\n<meta property=\"og:image\" content=\"https:\/\/www.dgn.adv.br\/wp-content\/uploads\/2025\/03\/sao-paulo-central-night-road-2023-11-27-05-07-20-utc-1-scaled.jpg\" \/>\n\t<meta property=\"og:image:width\" content=\"2560\" \/>\n\t<meta property=\"og:image:height\" content=\"1705\" \/>\n\t<meta property=\"og:image:type\" content=\"image\/jpeg\" \/>\n<meta name=\"twitter:card\" content=\"summary_large_image\" \/>\n<meta name=\"twitter:label1\" content=\"Est. reading time\" \/>\n\t<meta name=\"twitter:data1\" content=\"1 minute\" \/>\n<script type=\"application\/ld+json\" class=\"yoast-schema-graph\">{\"@context\":\"https:\/\/schema.org\",\"@graph\":[{\"@type\":\"WebPage\",\"@id\":\"https:\/\/www.dgn.adv.br\/en\/areas-de-atuacao\/\",\"url\":\"https:\/\/www.dgn.adv.br\/en\/areas-de-atuacao\/\",\"name\":\"\u00c1reas de Atua\u00e7\u00e3o | Donato & Garcia Neto Advogados\",\"isPartOf\":{\"@id\":\"https:\/\/www.dgn.adv.br\/en\/#website\"},\"primaryImageOfPage\":{\"@id\":\"https:\/\/www.dgn.adv.br\/en\/areas-de-atuacao\/#primaryimage\"},\"image\":{\"@id\":\"https:\/\/www.dgn.adv.br\/en\/areas-de-atuacao\/#primaryimage\"},\"thumbnailUrl\":\"https:\/\/www.dgn.adv.br\/wp-content\/uploads\/2025\/03\/sao-paulo-central-night-road-2023-11-27-05-07-20-utc-1-scaled.jpg\",\"datePublished\":\"2025-03-27T14:00:28+00:00\",\"dateModified\":\"2026-02-12T14:43:25+00:00\",\"description\":\"Utilizamos o direito como ferramenta estrat\u00e9gica para impulsionar o crescimento empresarial. Atuamos com foco exclusivo em empresas, oferecendo suporte nas principais \u00e1reas do direito empresarial.\",\"breadcrumb\":{\"@id\":\"https:\/\/www.dgn.adv.br\/en\/areas-de-atuacao\/#breadcrumb\"},\"inLanguage\":\"en-US\",\"potentialAction\":[{\"@type\":\"ReadAction\",\"target\":[[\"https:\/\/www.dgn.adv.br\/en\/areas-de-atuacao\/\"]]}]},{\"@type\":\"ImageObject\",\"inLanguage\":\"en-US\",\"@id\":\"https:\/\/www.dgn.adv.br\/en\/areas-de-atuacao\/#primaryimage\",\"url\":\"https:\/\/www.dgn.adv.br\/wp-content\/uploads\/2025\/03\/sao-paulo-central-night-road-2023-11-27-05-07-20-utc-1-scaled.jpg\",\"contentUrl\":\"https:\/\/www.dgn.adv.br\/wp-content\/uploads\/2025\/03\/sao-paulo-central-night-road-2023-11-27-05-07-20-utc-1-scaled.jpg\",\"width\":2560,\"height\":1705,\"caption\":\"Sao Paulo Central Night Road. High quality photo\"},{\"@type\":\"BreadcrumbList\",\"@id\":\"https:\/\/www.dgn.adv.br\/en\/areas-de-atuacao\/#breadcrumb\",\"itemListElement\":[{\"@type\":\"ListItem\",\"position\":1,\"name\":\"In\u00edcio\",\"item\":\"https:\/\/www.dgn.adv.br\/en\/\"},{\"@type\":\"ListItem\",\"position\":2,\"name\":\"Practice Areas\"}]},{\"@type\":\"WebSite\",\"@id\":\"https:\/\/www.dgn.adv.br\/en\/#website\",\"url\":\"https:\/\/www.dgn.adv.br\/en\/\",\"name\":\"DGN Advogados\",\"description\":\"\",\"publisher\":{\"@id\":\"https:\/\/www.dgn.adv.br\/en\/#organization\"},\"alternateName\":\"DGN Advogados\",\"potentialAction\":[{\"@type\":\"SearchAction\",\"target\":{\"@type\":\"EntryPoint\",\"urlTemplate\":\"https:\/\/www.dgn.adv.br\/en\/?s={search_term_string}\"},\"query-input\":{\"@type\":\"PropertyValueSpecification\",\"valueRequired\":true,\"valueName\":\"search_term_string\"}}],\"inLanguage\":\"en-US\"},{\"@type\":\"Organization\",\"@id\":\"https:\/\/www.dgn.adv.br\/en\/#organization\",\"name\":\"DGN\",\"url\":\"https:\/\/www.dgn.adv.br\/en\/\",\"logo\":{\"@type\":\"ImageObject\",\"inLanguage\":\"en-US\",\"@id\":\"https:\/\/www.dgn.adv.br\/en\/#\/schema\/logo\/image\/\",\"url\":\"https:\/\/dgn.adv.br\/wp-content\/uploads\/2025\/03\/favicon.png\",\"contentUrl\":\"https:\/\/dgn.adv.br\/wp-content\/uploads\/2025\/03\/favicon.png\",\"width\":512,\"height\":512,\"caption\":\"DGN\"},\"image\":{\"@id\":\"https:\/\/www.dgn.adv.br\/en\/#\/schema\/logo\/image\/\"}}]}<\/script>\n<!-- \/ Yoast SEO plugin. -->","yoast_head_json":{"title":"\u00c1reas de Atua\u00e7\u00e3o | Donato & Garcia Neto Advogados","description":"Utilizamos o direito como ferramenta estrat\u00e9gica para impulsionar o crescimento empresarial. Atuamos com foco exclusivo em empresas, oferecendo suporte nas principais \u00e1reas do direito empresarial.","robots":{"index":"index","follow":"follow","max-snippet":"max-snippet:-1","max-image-preview":"max-image-preview:large","max-video-preview":"max-video-preview:-1"},"canonical":"https:\/\/www.dgn.adv.br\/en\/areas-de-atuacao\/","og_locale":"en_US","og_type":"article","og_title":"\u00c1reas de Atua\u00e7\u00e3o | Donato & Garcia Neto Advogados","og_description":"Utilizamos o direito como ferramenta estrat\u00e9gica para impulsionar o crescimento empresarial. Atuamos com foco exclusivo em empresas, oferecendo suporte nas principais \u00e1reas do direito empresarial.","og_url":"https:\/\/www.dgn.adv.br\/en\/areas-de-atuacao\/","og_site_name":"DGN Advogados","article_modified_time":"2026-02-12T14:43:25+00:00","og_image":[{"width":2560,"height":1705,"url":"https:\/\/www.dgn.adv.br\/wp-content\/uploads\/2025\/03\/sao-paulo-central-night-road-2023-11-27-05-07-20-utc-1-scaled.jpg","type":"image\/jpeg"}],"twitter_card":"summary_large_image","twitter_misc":{"Est. reading time":"1 minute"},"schema":{"@context":"https:\/\/schema.org","@graph":[{"@type":"WebPage","@id":"https:\/\/www.dgn.adv.br\/en\/areas-de-atuacao\/","url":"https:\/\/www.dgn.adv.br\/en\/areas-de-atuacao\/","name":"\u00c1reas de Atua\u00e7\u00e3o | Donato & Garcia Neto Advogados","isPartOf":{"@id":"https:\/\/www.dgn.adv.br\/en\/#website"},"primaryImageOfPage":{"@id":"https:\/\/www.dgn.adv.br\/en\/areas-de-atuacao\/#primaryimage"},"image":{"@id":"https:\/\/www.dgn.adv.br\/en\/areas-de-atuacao\/#primaryimage"},"thumbnailUrl":"https:\/\/www.dgn.adv.br\/wp-content\/uploads\/2025\/03\/sao-paulo-central-night-road-2023-11-27-05-07-20-utc-1-scaled.jpg","datePublished":"2025-03-27T14:00:28+00:00","dateModified":"2026-02-12T14:43:25+00:00","description":"Utilizamos o direito como ferramenta estrat\u00e9gica para impulsionar o crescimento empresarial. Atuamos com foco exclusivo em empresas, oferecendo suporte nas principais \u00e1reas do direito empresarial.","breadcrumb":{"@id":"https:\/\/www.dgn.adv.br\/en\/areas-de-atuacao\/#breadcrumb"},"inLanguage":"en-US","potentialAction":[{"@type":"ReadAction","target":[["https:\/\/www.dgn.adv.br\/en\/areas-de-atuacao\/"]]}]},{"@type":"ImageObject","inLanguage":"en-US","@id":"https:\/\/www.dgn.adv.br\/en\/areas-de-atuacao\/#primaryimage","url":"https:\/\/www.dgn.adv.br\/wp-content\/uploads\/2025\/03\/sao-paulo-central-night-road-2023-11-27-05-07-20-utc-1-scaled.jpg","contentUrl":"https:\/\/www.dgn.adv.br\/wp-content\/uploads\/2025\/03\/sao-paulo-central-night-road-2023-11-27-05-07-20-utc-1-scaled.jpg","width":2560,"height":1705,"caption":"Sao Paulo Central Night Road. High quality photo"},{"@type":"BreadcrumbList","@id":"https:\/\/www.dgn.adv.br\/en\/areas-de-atuacao\/#breadcrumb","itemListElement":[{"@type":"ListItem","position":1,"name":"In\u00edcio","item":"https:\/\/www.dgn.adv.br\/en\/"},{"@type":"ListItem","position":2,"name":"Practice Areas"}]},{"@type":"WebSite","@id":"https:\/\/www.dgn.adv.br\/en\/#website","url":"https:\/\/www.dgn.adv.br\/en\/","name":"DGN Advogados","description":"","publisher":{"@id":"https:\/\/www.dgn.adv.br\/en\/#organization"},"alternateName":"DGN Advogados","potentialAction":[{"@type":"SearchAction","target":{"@type":"EntryPoint","urlTemplate":"https:\/\/www.dgn.adv.br\/en\/?s={search_term_string}"},"query-input":{"@type":"PropertyValueSpecification","valueRequired":true,"valueName":"search_term_string"}}],"inLanguage":"en-US"},{"@type":"Organization","@id":"https:\/\/www.dgn.adv.br\/en\/#organization","name":"DGN","url":"https:\/\/www.dgn.adv.br\/en\/","logo":{"@type":"ImageObject","inLanguage":"en-US","@id":"https:\/\/www.dgn.adv.br\/en\/#\/schema\/logo\/image\/","url":"https:\/\/dgn.adv.br\/wp-content\/uploads\/2025\/03\/favicon.png","contentUrl":"https:\/\/dgn.adv.br\/wp-content\/uploads\/2025\/03\/favicon.png","width":512,"height":512,"caption":"DGN"},"image":{"@id":"https:\/\/www.dgn.adv.br\/en\/#\/schema\/logo\/image\/"}}]}},"_links":{"self":[{"href":"https:\/\/www.dgn.adv.br\/en\/wp-json\/wp\/v2\/pages\/68","targetHints":{"allow":["GET"]}}],"collection":[{"href":"https:\/\/www.dgn.adv.br\/en\/wp-json\/wp\/v2\/pages"}],"about":[{"href":"https:\/\/www.dgn.adv.br\/en\/wp-json\/wp\/v2\/types\/page"}],"author":[{"embeddable":true,"href":"https:\/\/www.dgn.adv.br\/en\/wp-json\/wp\/v2\/users\/1"}],"replies":[{"embeddable":true,"href":"https:\/\/www.dgn.adv.br\/en\/wp-json\/wp\/v2\/comments?post=68"}],"version-history":[{"count":5,"href":"https:\/\/www.dgn.adv.br\/en\/wp-json\/wp\/v2\/pages\/68\/revisions"}],"predecessor-version":[{"id":400,"href":"https:\/\/www.dgn.adv.br\/en\/wp-json\/wp\/v2\/pages\/68\/revisions\/400"}],"wp:featuredmedia":[{"embeddable":true,"href":"https:\/\/www.dgn.adv.br\/en\/wp-json\/wp\/v2\/media\/195"}],"wp:attachment":[{"href":"https:\/\/www.dgn.adv.br\/en\/wp-json\/wp\/v2\/media?parent=68"}],"curies":[{"name":"wp","href":"https:\/\/api.w.org\/{rel}","templated":true}]}}