{"id":172,"date":"2025-03-31T07:43:18","date_gmt":"2025-03-31T10:43:18","guid":{"rendered":"https:\/\/dgn.adv.br\/?page_id=172"},"modified":"2026-02-12T11:47:19","modified_gmt":"2026-02-12T14:47:19","slug":"quem-somos","status":"publish","type":"page","link":"https:\/\/www.dgn.adv.br\/en\/home\/quem-somos\/","title":{"rendered":"About us"},"content":{"rendered":"<p><\/p>\n<h2><strong>Boosting businesses by turning Law into a tool<\/strong><\/h2>\n<p>We act as strategic partners, with close, exclusive, and personalized service, anticipating market demands, providing a unique legal experience, and focusing on solutions that meet the clients&#8217; needs.<\/p>","protected":false},"excerpt":{"rendered":"<p>Boosting businesses by turning Law into a tool We act as strategic partners, with [&hellip;]<\/p>\n","protected":false},"author":1,"featured_media":0,"parent":64,"menu_order":1,"comment_status":"closed","ping_status":"closed","template":"","meta":{"_acf_changed":false,"footnotes":""},"class_list":["post-172","page","type-page","status-publish","hentry"],"acf":[],"yoast_head":"<!-- This site is optimized with the Yoast SEO plugin v27.2 - https:\/\/yoast.com\/product\/yoast-seo-wordpress\/ -->\n<title>Direito como uma ferramenta de neg\u00f3cios | DGN Advogados<\/title>\n<meta name=\"description\" content=\"No DGN Advogados, transformamos o Direito em uma ferramenta estrat\u00e9gica para impulsionar o crescimento dos neg\u00f3cios.\" \/>\n<meta name=\"robots\" content=\"index, follow, max-snippet:-1, max-image-preview:large, max-video-preview:-1\" \/>\n<link rel=\"canonical\" href=\"https:\/\/www.dgn.adv.br\/en\/home\/quem-somos\/\" \/>\n<meta property=\"og:locale\" content=\"en_US\" \/>\n<meta property=\"og:type\" content=\"article\" \/>\n<meta property=\"og:title\" content=\"Direito como uma ferramenta de neg\u00f3cios | DGN Advogados\" \/>\n<meta property=\"og:description\" content=\"No DGN Advogados, transformamos o Direito em uma ferramenta estrat\u00e9gica para impulsionar o crescimento dos neg\u00f3cios.\" \/>\n<meta property=\"og:url\" content=\"https:\/\/www.dgn.adv.br\/en\/home\/quem-somos\/\" \/>\n<meta property=\"og:site_name\" content=\"DGN Advogados\" \/>\n<meta property=\"article:modified_time\" content=\"2026-02-12T14:47:19+00:00\" \/>\n<meta name=\"twitter:card\" content=\"summary_large_image\" \/>\n<meta name=\"twitter:label1\" content=\"Est. reading time\" \/>\n\t<meta name=\"twitter:data1\" content=\"1 minute\" \/>\n<script type=\"application\/ld+json\" class=\"yoast-schema-graph\">{\"@context\":\"https:\/\/schema.org\",\"@graph\":[{\"@type\":\"WebPage\",\"@id\":\"https:\/\/www.dgn.adv.br\/en\/home\/quem-somos\/\",\"url\":\"https:\/\/www.dgn.adv.br\/en\/home\/quem-somos\/\",\"name\":\"Direito como uma ferramenta de neg\u00f3cios | DGN Advogados\",\"isPartOf\":{\"@id\":\"https:\/\/www.dgn.adv.br\/en\/#website\"},\"datePublished\":\"2025-03-31T10:43:18+00:00\",\"dateModified\":\"2026-02-12T14:47:19+00:00\",\"description\":\"No DGN Advogados, transformamos o Direito em uma ferramenta estrat\u00e9gica para impulsionar o crescimento dos neg\u00f3cios.\",\"breadcrumb\":{\"@id\":\"https:\/\/www.dgn.adv.br\/en\/home\/quem-somos\/#breadcrumb\"},\"inLanguage\":\"en-US\",\"potentialAction\":[{\"@type\":\"ReadAction\",\"target\":[[\"https:\/\/www.dgn.adv.br\/en\/home\/quem-somos\/\"]]}]},{\"@type\":\"BreadcrumbList\",\"@id\":\"https:\/\/www.dgn.adv.br\/en\/home\/quem-somos\/#breadcrumb\",\"itemListElement\":[{\"@type\":\"ListItem\",\"position\":1,\"name\":\"In\u00edcio\",\"item\":\"https:\/\/www.dgn.adv.br\/en\/\"},{\"@type\":\"ListItem\",\"position\":2,\"name\":\"Home\",\"item\":\"https:\/\/www.dgn.adv.br\/en\/\"},{\"@type\":\"ListItem\",\"position\":3,\"name\":\"About us\"}]},{\"@type\":\"WebSite\",\"@id\":\"https:\/\/www.dgn.adv.br\/en\/#website\",\"url\":\"https:\/\/www.dgn.adv.br\/en\/\",\"name\":\"DGN Advogados\",\"description\":\"\",\"publisher\":{\"@id\":\"https:\/\/www.dgn.adv.br\/en\/#organization\"},\"alternateName\":\"DGN Advogados\",\"potentialAction\":[{\"@type\":\"SearchAction\",\"target\":{\"@type\":\"EntryPoint\",\"urlTemplate\":\"https:\/\/www.dgn.adv.br\/en\/?s={search_term_string}\"},\"query-input\":{\"@type\":\"PropertyValueSpecification\",\"valueRequired\":true,\"valueName\":\"search_term_string\"}}],\"inLanguage\":\"en-US\"},{\"@type\":\"Organization\",\"@id\":\"https:\/\/www.dgn.adv.br\/en\/#organization\",\"name\":\"DGN\",\"url\":\"https:\/\/www.dgn.adv.br\/en\/\",\"logo\":{\"@type\":\"ImageObject\",\"inLanguage\":\"en-US\",\"@id\":\"https:\/\/www.dgn.adv.br\/en\/#\/schema\/logo\/image\/\",\"url\":\"https:\/\/dgn.adv.br\/wp-content\/uploads\/2025\/03\/favicon.png\",\"contentUrl\":\"https:\/\/dgn.adv.br\/wp-content\/uploads\/2025\/03\/favicon.png\",\"width\":512,\"height\":512,\"caption\":\"DGN\"},\"image\":{\"@id\":\"https:\/\/www.dgn.adv.br\/en\/#\/schema\/logo\/image\/\"}}]}<\/script>\n<!-- \/ Yoast SEO plugin. -->","yoast_head_json":{"title":"Direito como uma ferramenta de neg\u00f3cios | DGN Advogados","description":"No DGN Advogados, transformamos o Direito em uma ferramenta estrat\u00e9gica para impulsionar o crescimento dos neg\u00f3cios.","robots":{"index":"index","follow":"follow","max-snippet":"max-snippet:-1","max-image-preview":"max-image-preview:large","max-video-preview":"max-video-preview:-1"},"canonical":"https:\/\/www.dgn.adv.br\/en\/home\/quem-somos\/","og_locale":"en_US","og_type":"article","og_title":"Direito como uma ferramenta de neg\u00f3cios | DGN Advogados","og_description":"No DGN Advogados, transformamos o Direito em uma ferramenta estrat\u00e9gica para impulsionar o crescimento dos neg\u00f3cios.","og_url":"https:\/\/www.dgn.adv.br\/en\/home\/quem-somos\/","og_site_name":"DGN Advogados","article_modified_time":"2026-02-12T14:47:19+00:00","twitter_card":"summary_large_image","twitter_misc":{"Est. reading time":"1 minute"},"schema":{"@context":"https:\/\/schema.org","@graph":[{"@type":"WebPage","@id":"https:\/\/www.dgn.adv.br\/en\/home\/quem-somos\/","url":"https:\/\/www.dgn.adv.br\/en\/home\/quem-somos\/","name":"Direito como uma ferramenta de neg\u00f3cios | DGN Advogados","isPartOf":{"@id":"https:\/\/www.dgn.adv.br\/en\/#website"},"datePublished":"2025-03-31T10:43:18+00:00","dateModified":"2026-02-12T14:47:19+00:00","description":"No DGN Advogados, transformamos o Direito em uma ferramenta estrat\u00e9gica para impulsionar o crescimento dos neg\u00f3cios.","breadcrumb":{"@id":"https:\/\/www.dgn.adv.br\/en\/home\/quem-somos\/#breadcrumb"},"inLanguage":"en-US","potentialAction":[{"@type":"ReadAction","target":[["https:\/\/www.dgn.adv.br\/en\/home\/quem-somos\/"]]}]},{"@type":"BreadcrumbList","@id":"https:\/\/www.dgn.adv.br\/en\/home\/quem-somos\/#breadcrumb","itemListElement":[{"@type":"ListItem","position":1,"name":"In\u00edcio","item":"https:\/\/www.dgn.adv.br\/en\/"},{"@type":"ListItem","position":2,"name":"Home","item":"https:\/\/www.dgn.adv.br\/en\/"},{"@type":"ListItem","position":3,"name":"About us"}]},{"@type":"WebSite","@id":"https:\/\/www.dgn.adv.br\/en\/#website","url":"https:\/\/www.dgn.adv.br\/en\/","name":"DGN Advogados","description":"","publisher":{"@id":"https:\/\/www.dgn.adv.br\/en\/#organization"},"alternateName":"DGN Advogados","potentialAction":[{"@type":"SearchAction","target":{"@type":"EntryPoint","urlTemplate":"https:\/\/www.dgn.adv.br\/en\/?s={search_term_string}"},"query-input":{"@type":"PropertyValueSpecification","valueRequired":true,"valueName":"search_term_string"}}],"inLanguage":"en-US"},{"@type":"Organization","@id":"https:\/\/www.dgn.adv.br\/en\/#organization","name":"DGN","url":"https:\/\/www.dgn.adv.br\/en\/","logo":{"@type":"ImageObject","inLanguage":"en-US","@id":"https:\/\/www.dgn.adv.br\/en\/#\/schema\/logo\/image\/","url":"https:\/\/dgn.adv.br\/wp-content\/uploads\/2025\/03\/favicon.png","contentUrl":"https:\/\/dgn.adv.br\/wp-content\/uploads\/2025\/03\/favicon.png","width":512,"height":512,"caption":"DGN"},"image":{"@id":"https:\/\/www.dgn.adv.br\/en\/#\/schema\/logo\/image\/"}}]}},"_links":{"self":[{"href":"https:\/\/www.dgn.adv.br\/en\/wp-json\/wp\/v2\/pages\/172","targetHints":{"allow":["GET"]}}],"collection":[{"href":"https:\/\/www.dgn.adv.br\/en\/wp-json\/wp\/v2\/pages"}],"about":[{"href":"https:\/\/www.dgn.adv.br\/en\/wp-json\/wp\/v2\/types\/page"}],"author":[{"embeddable":true,"href":"https:\/\/www.dgn.adv.br\/en\/wp-json\/wp\/v2\/users\/1"}],"replies":[{"embeddable":true,"href":"https:\/\/www.dgn.adv.br\/en\/wp-json\/wp\/v2\/comments?post=172"}],"version-history":[{"count":6,"href":"https:\/\/www.dgn.adv.br\/en\/wp-json\/wp\/v2\/pages\/172\/revisions"}],"predecessor-version":[{"id":573,"href":"https:\/\/www.dgn.adv.br\/en\/wp-json\/wp\/v2\/pages\/172\/revisions\/573"}],"up":[{"embeddable":true,"href":"https:\/\/www.dgn.adv.br\/en\/wp-json\/wp\/v2\/pages\/64"}],"wp:attachment":[{"href":"https:\/\/www.dgn.adv.br\/en\/wp-json\/wp\/v2\/media?parent=172"}],"curies":[{"name":"wp","href":"https:\/\/api.w.org\/{rel}","templated":true}]}}