{"id":168,"date":"2025-03-31T07:41:53","date_gmt":"2025-03-31T10:41:53","guid":{"rendered":"https:\/\/dgn.adv.br\/?page_id=168"},"modified":"2026-02-12T11:48:49","modified_gmt":"2026-02-12T14:48:49","slug":"profissionais","status":"publish","type":"page","link":"https:\/\/www.dgn.adv.br\/en\/home\/profissionais\/","title":{"rendered":"Professionals"},"content":{"rendered":"<p><\/p>\n<h2><span class=\"TextRun SCXW256651188 BCX0\" lang=\"PT-BR\" xml:lang=\"PT-BR\" data-contrast=\"auto\"><span class=\"NormalTextRun SpellingErrorV2Themed SCXW256651188 BCX0\">An<\/span> <span class=\"NormalTextRun SpellingErrorV2Themed SCXW256651188 BCX0\">excellent<\/span> <span class=\"NormalTextRun SpellingErrorV2Themed SCXW256651188 BCX0\">team<\/span> <span class=\"NormalTextRun SpellingErrorV2Themed SCXW256651188 BCX0\">delivering<\/span> <span class=\"NormalTextRun SpellingErrorV2Themed SCXW256651188 BCX0\">strategic<\/span> <span class=\"NormalTextRun SpellingErrorV2Themed SCXW256651188 BCX0\">solutions<\/span><\/span><span class=\"EOP SCXW256651188 BCX0\" data-ccp-props=\"{&quot;134233117&quot;:false,&quot;134233118&quot;:false,&quot;335559738&quot;:240,&quot;335559739&quot;:240}\">\u00a0<\/span><\/h2>\n<p><span class=\"TextRun SCXW237025864 BCX0\" lang=\"PT-BR\" xml:lang=\"PT-BR\" data-contrast=\"auto\"><span class=\"NormalTextRun SpellingErrorV2Themed SCXW237025864 BCX0\">Our<\/span> <span class=\"NormalTextRun SpellingErrorV2Themed SCXW237025864 BCX0\">team<\/span> <span class=\"NormalTextRun SpellingErrorV2Themed SCXW237025864 BCX0\">provides<\/span><span class=\"NormalTextRun SCXW237025864 BCX0\"> high-<\/span><span class=\"NormalTextRun SpellingErrorV2Themed SCXW237025864 BCX0\">level<\/span> <span class=\"NormalTextRun SpellingErrorV2Themed SCXW237025864 BCX0\">service<\/span> <span class=\"NormalTextRun SpellingErrorV2Themed SCXW237025864 BCX0\">with<\/span> <span class=\"NormalTextRun SpellingErrorV2Themed SCXW237025864 BCX0\">strategic<\/span> <span class=\"NormalTextRun SpellingErrorV2Themed SCXW237025864 BCX0\">solutions<\/span><span class=\"NormalTextRun SCXW237025864 BCX0\">, <\/span><span class=\"NormalTextRun SpellingErrorV2Themed SCXW237025864 BCX0\">always<\/span> <span class=\"NormalTextRun SpellingErrorV2Themed SCXW237025864 BCX0\">focused<\/span> <span class=\"NormalTextRun SpellingErrorV2Themed SCXW237025864 BCX0\">on<\/span> <span class=\"NormalTextRun SpellingErrorV2Themed SCXW237025864 BCX0\">modern<\/span> <span class=\"NormalTextRun SpellingErrorV2Themed SCXW237025864 BCX0\">and<\/span> <span class=\"NormalTextRun SpellingErrorV2Themed SCXW237025864 BCX0\">effective<\/span><span class=\"NormalTextRun SCXW237025864 BCX0\"> legal <\/span><span class=\"NormalTextRun SpellingErrorV2Themed SCXW237025864 BCX0\">support<\/span><span class=\"NormalTextRun SCXW237025864 BCX0\">.<\/span><\/span><span class=\"EOP SCXW237025864 BCX0\" data-ccp-props=\"{&quot;134233117&quot;:false,&quot;134233118&quot;:false,&quot;335559738&quot;:240,&quot;335559739&quot;:240}\">\u00a0<\/span><\/p>","protected":false},"excerpt":{"rendered":"<p>An excellent team delivering strategic solutions\u00a0 Our team provides high-level service with strategic solutions, [&hellip;]<\/p>\n","protected":false},"author":1,"featured_media":174,"parent":64,"menu_order":3,"comment_status":"closed","ping_status":"closed","template":"","meta":{"_acf_changed":false,"footnotes":""},"class_list":["post-168","page","type-page","status-publish","has-post-thumbnail","hentry"],"acf":[],"yoast_head":"<!-- This site is optimized with the Yoast SEO plugin v27.2 - https:\/\/yoast.com\/product\/yoast-seo-wordpress\/ -->\n<title>Professionals - DGN Advogados<\/title>\n<meta name=\"description\" content=\"Nossa equipe oferece atendimento de excel\u00eancia com solu\u00e7\u00f5es estrat\u00e9gicas e foco em um servi\u00e7o jur\u00eddico moderno.\" \/>\n<meta name=\"robots\" content=\"index, follow, max-snippet:-1, max-image-preview:large, max-video-preview:-1\" \/>\n<link rel=\"canonical\" href=\"https:\/\/www.dgn.adv.br\/en\/home\/profissionais\/\" \/>\n<meta property=\"og:locale\" content=\"en_US\" \/>\n<meta property=\"og:type\" content=\"article\" \/>\n<meta property=\"og:title\" content=\"Professionals - DGN Advogados\" \/>\n<meta property=\"og:description\" content=\"Nossa equipe oferece atendimento de excel\u00eancia com solu\u00e7\u00f5es estrat\u00e9gicas e foco em um servi\u00e7o jur\u00eddico moderno.\" \/>\n<meta property=\"og:url\" content=\"https:\/\/www.dgn.adv.br\/en\/home\/profissionais\/\" \/>\n<meta property=\"og:site_name\" content=\"DGN Advogados\" \/>\n<meta property=\"article:modified_time\" content=\"2026-02-12T14:48:49+00:00\" \/>\n<meta property=\"og:image\" content=\"https:\/\/www.dgn.adv.br\/wp-content\/uploads\/2025\/03\/Foto-home-02-scaled.jpg\" \/>\n\t<meta property=\"og:image:width\" content=\"2560\" \/>\n\t<meta property=\"og:image:height\" content=\"1081\" \/>\n\t<meta property=\"og:image:type\" content=\"image\/jpeg\" \/>\n<meta name=\"twitter:card\" content=\"summary_large_image\" \/>\n<meta name=\"twitter:label1\" content=\"Est. reading time\" \/>\n\t<meta name=\"twitter:data1\" content=\"1 minute\" \/>\n<script type=\"application\/ld+json\" class=\"yoast-schema-graph\">{\"@context\":\"https:\/\/schema.org\",\"@graph\":[{\"@type\":\"WebPage\",\"@id\":\"https:\/\/www.dgn.adv.br\/en\/home\/profissionais\/\",\"url\":\"https:\/\/www.dgn.adv.br\/en\/home\/profissionais\/\",\"name\":\"Professionals - DGN Advogados\",\"isPartOf\":{\"@id\":\"https:\/\/www.dgn.adv.br\/en\/#website\"},\"primaryImageOfPage\":{\"@id\":\"https:\/\/www.dgn.adv.br\/en\/home\/profissionais\/#primaryimage\"},\"image\":{\"@id\":\"https:\/\/www.dgn.adv.br\/en\/home\/profissionais\/#primaryimage\"},\"thumbnailUrl\":\"https:\/\/www.dgn.adv.br\/wp-content\/uploads\/2025\/03\/Foto-home-02-scaled.jpg\",\"datePublished\":\"2025-03-31T10:41:53+00:00\",\"dateModified\":\"2026-02-12T14:48:49+00:00\",\"description\":\"Nossa equipe oferece atendimento de excel\u00eancia com solu\u00e7\u00f5es estrat\u00e9gicas e foco em um servi\u00e7o jur\u00eddico moderno.\",\"breadcrumb\":{\"@id\":\"https:\/\/www.dgn.adv.br\/en\/home\/profissionais\/#breadcrumb\"},\"inLanguage\":\"en-US\",\"potentialAction\":[{\"@type\":\"ReadAction\",\"target\":[[\"https:\/\/www.dgn.adv.br\/en\/home\/profissionais\/\"]]}]},{\"@type\":\"ImageObject\",\"inLanguage\":\"en-US\",\"@id\":\"https:\/\/www.dgn.adv.br\/en\/home\/profissionais\/#primaryimage\",\"url\":\"https:\/\/www.dgn.adv.br\/wp-content\/uploads\/2025\/03\/Foto-home-02-scaled.jpg\",\"contentUrl\":\"https:\/\/www.dgn.adv.br\/wp-content\/uploads\/2025\/03\/Foto-home-02-scaled.jpg\",\"width\":2560,\"height\":1081},{\"@type\":\"BreadcrumbList\",\"@id\":\"https:\/\/www.dgn.adv.br\/en\/home\/profissionais\/#breadcrumb\",\"itemListElement\":[{\"@type\":\"ListItem\",\"position\":1,\"name\":\"In\u00edcio\",\"item\":\"https:\/\/www.dgn.adv.br\/en\/\"},{\"@type\":\"ListItem\",\"position\":2,\"name\":\"Home\",\"item\":\"https:\/\/www.dgn.adv.br\/en\/\"},{\"@type\":\"ListItem\",\"position\":3,\"name\":\"Professionals\"}]},{\"@type\":\"WebSite\",\"@id\":\"https:\/\/www.dgn.adv.br\/en\/#website\",\"url\":\"https:\/\/www.dgn.adv.br\/en\/\",\"name\":\"DGN Advogados\",\"description\":\"\",\"publisher\":{\"@id\":\"https:\/\/www.dgn.adv.br\/en\/#organization\"},\"alternateName\":\"DGN Advogados\",\"potentialAction\":[{\"@type\":\"SearchAction\",\"target\":{\"@type\":\"EntryPoint\",\"urlTemplate\":\"https:\/\/www.dgn.adv.br\/en\/?s={search_term_string}\"},\"query-input\":{\"@type\":\"PropertyValueSpecification\",\"valueRequired\":true,\"valueName\":\"search_term_string\"}}],\"inLanguage\":\"en-US\"},{\"@type\":\"Organization\",\"@id\":\"https:\/\/www.dgn.adv.br\/en\/#organization\",\"name\":\"DGN\",\"url\":\"https:\/\/www.dgn.adv.br\/en\/\",\"logo\":{\"@type\":\"ImageObject\",\"inLanguage\":\"en-US\",\"@id\":\"https:\/\/www.dgn.adv.br\/en\/#\/schema\/logo\/image\/\",\"url\":\"https:\/\/dgn.adv.br\/wp-content\/uploads\/2025\/03\/favicon.png\",\"contentUrl\":\"https:\/\/dgn.adv.br\/wp-content\/uploads\/2025\/03\/favicon.png\",\"width\":512,\"height\":512,\"caption\":\"DGN\"},\"image\":{\"@id\":\"https:\/\/www.dgn.adv.br\/en\/#\/schema\/logo\/image\/\"}}]}<\/script>\n<!-- \/ Yoast SEO plugin. -->","yoast_head_json":{"title":"Professionals - DGN Advogados","description":"Nossa equipe oferece atendimento de excel\u00eancia com solu\u00e7\u00f5es estrat\u00e9gicas e foco em um servi\u00e7o jur\u00eddico moderno.","robots":{"index":"index","follow":"follow","max-snippet":"max-snippet:-1","max-image-preview":"max-image-preview:large","max-video-preview":"max-video-preview:-1"},"canonical":"https:\/\/www.dgn.adv.br\/en\/home\/profissionais\/","og_locale":"en_US","og_type":"article","og_title":"Professionals - DGN Advogados","og_description":"Nossa equipe oferece atendimento de excel\u00eancia com solu\u00e7\u00f5es estrat\u00e9gicas e foco em um servi\u00e7o jur\u00eddico moderno.","og_url":"https:\/\/www.dgn.adv.br\/en\/home\/profissionais\/","og_site_name":"DGN Advogados","article_modified_time":"2026-02-12T14:48:49+00:00","og_image":[{"width":2560,"height":1081,"url":"https:\/\/www.dgn.adv.br\/wp-content\/uploads\/2025\/03\/Foto-home-02-scaled.jpg","type":"image\/jpeg"}],"twitter_card":"summary_large_image","twitter_misc":{"Est. reading time":"1 minute"},"schema":{"@context":"https:\/\/schema.org","@graph":[{"@type":"WebPage","@id":"https:\/\/www.dgn.adv.br\/en\/home\/profissionais\/","url":"https:\/\/www.dgn.adv.br\/en\/home\/profissionais\/","name":"Professionals - DGN Advogados","isPartOf":{"@id":"https:\/\/www.dgn.adv.br\/en\/#website"},"primaryImageOfPage":{"@id":"https:\/\/www.dgn.adv.br\/en\/home\/profissionais\/#primaryimage"},"image":{"@id":"https:\/\/www.dgn.adv.br\/en\/home\/profissionais\/#primaryimage"},"thumbnailUrl":"https:\/\/www.dgn.adv.br\/wp-content\/uploads\/2025\/03\/Foto-home-02-scaled.jpg","datePublished":"2025-03-31T10:41:53+00:00","dateModified":"2026-02-12T14:48:49+00:00","description":"Nossa equipe oferece atendimento de excel\u00eancia com solu\u00e7\u00f5es estrat\u00e9gicas e foco em um servi\u00e7o jur\u00eddico moderno.","breadcrumb":{"@id":"https:\/\/www.dgn.adv.br\/en\/home\/profissionais\/#breadcrumb"},"inLanguage":"en-US","potentialAction":[{"@type":"ReadAction","target":[["https:\/\/www.dgn.adv.br\/en\/home\/profissionais\/"]]}]},{"@type":"ImageObject","inLanguage":"en-US","@id":"https:\/\/www.dgn.adv.br\/en\/home\/profissionais\/#primaryimage","url":"https:\/\/www.dgn.adv.br\/wp-content\/uploads\/2025\/03\/Foto-home-02-scaled.jpg","contentUrl":"https:\/\/www.dgn.adv.br\/wp-content\/uploads\/2025\/03\/Foto-home-02-scaled.jpg","width":2560,"height":1081},{"@type":"BreadcrumbList","@id":"https:\/\/www.dgn.adv.br\/en\/home\/profissionais\/#breadcrumb","itemListElement":[{"@type":"ListItem","position":1,"name":"In\u00edcio","item":"https:\/\/www.dgn.adv.br\/en\/"},{"@type":"ListItem","position":2,"name":"Home","item":"https:\/\/www.dgn.adv.br\/en\/"},{"@type":"ListItem","position":3,"name":"Professionals"}]},{"@type":"WebSite","@id":"https:\/\/www.dgn.adv.br\/en\/#website","url":"https:\/\/www.dgn.adv.br\/en\/","name":"DGN Advogados","description":"","publisher":{"@id":"https:\/\/www.dgn.adv.br\/en\/#organization"},"alternateName":"DGN Advogados","potentialAction":[{"@type":"SearchAction","target":{"@type":"EntryPoint","urlTemplate":"https:\/\/www.dgn.adv.br\/en\/?s={search_term_string}"},"query-input":{"@type":"PropertyValueSpecification","valueRequired":true,"valueName":"search_term_string"}}],"inLanguage":"en-US"},{"@type":"Organization","@id":"https:\/\/www.dgn.adv.br\/en\/#organization","name":"DGN","url":"https:\/\/www.dgn.adv.br\/en\/","logo":{"@type":"ImageObject","inLanguage":"en-US","@id":"https:\/\/www.dgn.adv.br\/en\/#\/schema\/logo\/image\/","url":"https:\/\/dgn.adv.br\/wp-content\/uploads\/2025\/03\/favicon.png","contentUrl":"https:\/\/dgn.adv.br\/wp-content\/uploads\/2025\/03\/favicon.png","width":512,"height":512,"caption":"DGN"},"image":{"@id":"https:\/\/www.dgn.adv.br\/en\/#\/schema\/logo\/image\/"}}]}},"_links":{"self":[{"href":"https:\/\/www.dgn.adv.br\/en\/wp-json\/wp\/v2\/pages\/168","targetHints":{"allow":["GET"]}}],"collection":[{"href":"https:\/\/www.dgn.adv.br\/en\/wp-json\/wp\/v2\/pages"}],"about":[{"href":"https:\/\/www.dgn.adv.br\/en\/wp-json\/wp\/v2\/types\/page"}],"author":[{"embeddable":true,"href":"https:\/\/www.dgn.adv.br\/en\/wp-json\/wp\/v2\/users\/1"}],"replies":[{"embeddable":true,"href":"https:\/\/www.dgn.adv.br\/en\/wp-json\/wp\/v2\/comments?post=168"}],"version-history":[{"count":1,"href":"https:\/\/www.dgn.adv.br\/en\/wp-json\/wp\/v2\/pages\/168\/revisions"}],"predecessor-version":[{"id":334,"href":"https:\/\/www.dgn.adv.br\/en\/wp-json\/wp\/v2\/pages\/168\/revisions\/334"}],"up":[{"embeddable":true,"href":"https:\/\/www.dgn.adv.br\/en\/wp-json\/wp\/v2\/pages\/64"}],"wp:featuredmedia":[{"embeddable":true,"href":"https:\/\/www.dgn.adv.br\/en\/wp-json\/wp\/v2\/media\/174"}],"wp:attachment":[{"href":"https:\/\/www.dgn.adv.br\/en\/wp-json\/wp\/v2\/media?parent=168"}],"curies":[{"name":"wp","href":"https:\/\/api.w.org\/{rel}","templated":true}]}}